{"id":8,"date":"2022-12-03T19:28:35","date_gmt":"2022-12-03T19:28:35","guid":{"rendered":"https:\/\/its-dillmann.de\/?page_id=8"},"modified":"2022-12-03T20:22:27","modified_gmt":"2022-12-03T20:22:27","slug":"ueber-mich","status":"publish","type":"page","link":"https:\/\/www.its-dillmann.de\/?page_id=8","title":{"rendered":"\u00dcber mich"},"content":{"rendered":"\n<p>Seit \u00fcber 15 Jahren arbeite ich als IT-System- und Netzwerkadministrator in einer gro\u00dfen Verwaltung in Ravensburg. <\/p>\n\n\n\n<p>Ich bin vertraut mit aktuellster Technik und biete Ihnen diese gerne an. <\/p>\n\n\n\n<p>IT-Sicherheit gem\u00e4\u00df BSI wird t\u00e4glich gelebt. Ich berate Sie hierzu gerne. <\/p>\n","protected":false},"excerpt":{"rendered":"<p>Seit \u00fcber 15 Jahren arbeite ich als IT-System- und Netzwerkadministrator in einer gro\u00dfen Verwaltung in Ravensburg. Ich bin vertraut mit<\/p>\n","protected":false},"author":1,"featured_media":0,"parent":0,"menu_order":0,"comment_status":"closed","ping_status":"closed","template":"","meta":{"colormag_page_container_layout":"default_layout","colormag_page_sidebar_layout":"default_layout","footnotes":""},"class_list":["post-8","page","type-page","status-publish","hentry"],"_links":{"self":[{"href":"https:\/\/www.its-dillmann.de\/index.php?rest_route=\/wp\/v2\/pages\/8","targetHints":{"allow":["GET"]}}],"collection":[{"href":"https:\/\/www.its-dillmann.de\/index.php?rest_route=\/wp\/v2\/pages"}],"about":[{"href":"https:\/\/www.its-dillmann.de\/index.php?rest_route=\/wp\/v2\/types\/page"}],"author":[{"embeddable":true,"href":"https:\/\/www.its-dillmann.de\/index.php?rest_route=\/wp\/v2\/users\/1"}],"replies":[{"embeddable":true,"href":"https:\/\/www.its-dillmann.de\/index.php?rest_route=%2Fwp%2Fv2%2Fcomments&post=8"}],"version-history":[{"count":2,"href":"https:\/\/www.its-dillmann.de\/index.php?rest_route=\/wp\/v2\/pages\/8\/revisions"}],"predecessor-version":[{"id":86,"href":"https:\/\/www.its-dillmann.de\/index.php?rest_route=\/wp\/v2\/pages\/8\/revisions\/86"}],"wp:attachment":[{"href":"https:\/\/www.its-dillmann.de\/index.php?rest_route=%2Fwp%2Fv2%2Fmedia&parent=8"}],"curies":[{"name":"wp","href":"https:\/\/api.w.org\/{rel}","templated":true}]}}