{"id":48,"date":"2022-12-03T19:56:07","date_gmt":"2022-12-03T19:56:07","guid":{"rendered":"https:\/\/its-dillmann.de\/?page_id=48"},"modified":"2022-12-03T20:10:02","modified_gmt":"2022-12-03T20:10:02","slug":"internetauftritt","status":"publish","type":"page","link":"https:\/\/www.its-dillmann.de\/?page_id=48","title":{"rendered":"Internetauftritt"},"content":{"rendered":"\n<p>Wir helfen Ihnen Ihren Internetauftritt zu realisieren. Nehmen Sie gerne Kontakt mit uns auf. <\/p>\n\n\n\n<p>\u00dcber unsere Partner erhalten Sie kosteng\u00fcnstig Ihre Domain inkl. Webspace und Mail. <\/p>\n\n\n\n<p>Das Erstellen Ihrer Webseite und ggfs. den Betrieb k\u00f6nnen wir ebenfalls f\u00fcr Sie \u00fcbernehmen. <\/p>\n","protected":false},"excerpt":{"rendered":"<p>Wir helfen Ihnen Ihren Internetauftritt zu realisieren. Nehmen Sie gerne Kontakt mit uns auf. \u00dcber unsere Partner erhalten Sie kosteng\u00fcnstig<\/p>\n","protected":false},"author":1,"featured_media":0,"parent":0,"menu_order":0,"comment_status":"closed","ping_status":"closed","template":"","meta":{"colormag_page_container_layout":"default_layout","colormag_page_sidebar_layout":"default_layout","footnotes":""},"class_list":["post-48","page","type-page","status-publish","hentry"],"_links":{"self":[{"href":"https:\/\/www.its-dillmann.de\/index.php?rest_route=\/wp\/v2\/pages\/48","targetHints":{"allow":["GET"]}}],"collection":[{"href":"https:\/\/www.its-dillmann.de\/index.php?rest_route=\/wp\/v2\/pages"}],"about":[{"href":"https:\/\/www.its-dillmann.de\/index.php?rest_route=\/wp\/v2\/types\/page"}],"author":[{"embeddable":true,"href":"https:\/\/www.its-dillmann.de\/index.php?rest_route=\/wp\/v2\/users\/1"}],"replies":[{"embeddable":true,"href":"https:\/\/www.its-dillmann.de\/index.php?rest_route=%2Fwp%2Fv2%2Fcomments&post=48"}],"version-history":[{"count":2,"href":"https:\/\/www.its-dillmann.de\/index.php?rest_route=\/wp\/v2\/pages\/48\/revisions"}],"predecessor-version":[{"id":75,"href":"https:\/\/www.its-dillmann.de\/index.php?rest_route=\/wp\/v2\/pages\/48\/revisions\/75"}],"wp:attachment":[{"href":"https:\/\/www.its-dillmann.de\/index.php?rest_route=%2Fwp%2Fv2%2Fmedia&parent=48"}],"curies":[{"name":"wp","href":"https:\/\/api.w.org\/{rel}","templated":true}]}}