{"id":46,"date":"2022-12-03T19:55:48","date_gmt":"2022-12-03T19:55:48","guid":{"rendered":"https:\/\/its-dillmann.de\/?page_id=46"},"modified":"2022-12-03T20:08:06","modified_gmt":"2022-12-03T20:08:06","slug":"heimautomatisierung","status":"publish","type":"page","link":"https:\/\/www.its-dillmann.de\/?page_id=46","title":{"rendered":"Heimautomatisierung"},"content":{"rendered":"\n<p>Wir beraten, installieren und konfigurieren Ihre Heimautomatisierung. <\/p>\n\n\n\n<p>M\u00f6chten Sie Ihren Bestandsbau Smart machen? <\/p>\n\n\n\n<p>Nehmen Sie gerne Kontakt mit uns auf. Wir Beraten Sie Herstellerunabh\u00e4ngig und geben Ihnen einen \u00dcberblick \u00fcber die aktuellen am Markt erh\u00e4ltlichen Systeme. <\/p>\n","protected":false},"excerpt":{"rendered":"<p>Wir beraten, installieren und konfigurieren Ihre Heimautomatisierung. M\u00f6chten Sie Ihren Bestandsbau Smart machen? Nehmen Sie gerne Kontakt mit uns auf.<\/p>\n","protected":false},"author":1,"featured_media":0,"parent":0,"menu_order":0,"comment_status":"closed","ping_status":"closed","template":"","meta":{"colormag_page_container_layout":"default_layout","colormag_page_sidebar_layout":"default_layout","footnotes":""},"class_list":["post-46","page","type-page","status-publish","hentry"],"_links":{"self":[{"href":"https:\/\/www.its-dillmann.de\/index.php?rest_route=\/wp\/v2\/pages\/46","targetHints":{"allow":["GET"]}}],"collection":[{"href":"https:\/\/www.its-dillmann.de\/index.php?rest_route=\/wp\/v2\/pages"}],"about":[{"href":"https:\/\/www.its-dillmann.de\/index.php?rest_route=\/wp\/v2\/types\/page"}],"author":[{"embeddable":true,"href":"https:\/\/www.its-dillmann.de\/index.php?rest_route=\/wp\/v2\/users\/1"}],"replies":[{"embeddable":true,"href":"https:\/\/www.its-dillmann.de\/index.php?rest_route=%2Fwp%2Fv2%2Fcomments&post=46"}],"version-history":[{"count":2,"href":"https:\/\/www.its-dillmann.de\/index.php?rest_route=\/wp\/v2\/pages\/46\/revisions"}],"predecessor-version":[{"id":73,"href":"https:\/\/www.its-dillmann.de\/index.php?rest_route=\/wp\/v2\/pages\/46\/revisions\/73"}],"wp:attachment":[{"href":"https:\/\/www.its-dillmann.de\/index.php?rest_route=%2Fwp%2Fv2%2Fmedia&parent=46"}],"curies":[{"name":"wp","href":"https:\/\/api.w.org\/{rel}","templated":true}]}}