{"id":33,"date":"2022-12-03T19:52:56","date_gmt":"2022-12-03T19:52:56","guid":{"rendered":"https:\/\/its-dillmann.de\/?page_id=33"},"modified":"2022-12-03T20:16:15","modified_gmt":"2022-12-03T20:16:15","slug":"telefonie","status":"publish","type":"page","link":"https:\/\/www.its-dillmann.de\/?page_id=33","title":{"rendered":"Telefonie"},"content":{"rendered":"\n<p>Sie m\u00f6chten Ihre Telefonanlage erweitern? <\/p>\n\n\n\n<p>Kommen SIe gerne auf uns zu. Zusammen mit Ihnen finden wir die passende L\u00f6sung f\u00fcr Sie. <\/p>\n","protected":false},"excerpt":{"rendered":"<p>Sie m\u00f6chten Ihre Telefonanlage erweitern? Kommen SIe gerne auf uns zu. Zusammen mit Ihnen finden wir die passende L\u00f6sung f\u00fcr<\/p>\n","protected":false},"author":1,"featured_media":0,"parent":0,"menu_order":0,"comment_status":"closed","ping_status":"closed","template":"","meta":{"colormag_page_container_layout":"default_layout","colormag_page_sidebar_layout":"default_layout","footnotes":""},"class_list":["post-33","page","type-page","status-publish","hentry"],"_links":{"self":[{"href":"https:\/\/www.its-dillmann.de\/index.php?rest_route=\/wp\/v2\/pages\/33","targetHints":{"allow":["GET"]}}],"collection":[{"href":"https:\/\/www.its-dillmann.de\/index.php?rest_route=\/wp\/v2\/pages"}],"about":[{"href":"https:\/\/www.its-dillmann.de\/index.php?rest_route=\/wp\/v2\/types\/page"}],"author":[{"embeddable":true,"href":"https:\/\/www.its-dillmann.de\/index.php?rest_route=\/wp\/v2\/users\/1"}],"replies":[{"embeddable":true,"href":"https:\/\/www.its-dillmann.de\/index.php?rest_route=%2Fwp%2Fv2%2Fcomments&post=33"}],"version-history":[{"count":2,"href":"https:\/\/www.its-dillmann.de\/index.php?rest_route=\/wp\/v2\/pages\/33\/revisions"}],"predecessor-version":[{"id":80,"href":"https:\/\/www.its-dillmann.de\/index.php?rest_route=\/wp\/v2\/pages\/33\/revisions\/80"}],"wp:attachment":[{"href":"https:\/\/www.its-dillmann.de\/index.php?rest_route=%2Fwp%2Fv2%2Fmedia&parent=33"}],"curies":[{"name":"wp","href":"https:\/\/api.w.org\/{rel}","templated":true}]}}